{"id":297,"date":"2025-12-01T18:38:07","date_gmt":"2025-12-01T17:38:07","guid":{"rendered":"https:\/\/smartservices.sn\/?page_id=297"},"modified":"2026-01-07T22:07:01","modified_gmt":"2026-01-07T21:07:01","slug":"confection-de-cachets","status":"publish","type":"page","link":"https:\/\/smartservices.sn\/index.php\/confection-de-cachets\/","title":{"rendered":"Confection de Cachets"},"content":{"rendered":"\t\t<div data-elementor-type=\"wp-page\" data-elementor-id=\"297\" class=\"elementor elementor-297\">\n\t\t\t\t<div class=\"elementor-element elementor-element-692a004 e-flex e-con-boxed e-con e-parent\" data-id=\"692a004\" data-element_type=\"container\">\n\t\t\t\t\t<div class=\"e-con-inner\">\n\t\t\t\t<div class=\"elementor-element elementor-element-ae51da3 elementor-widget elementor-widget-heading\" data-id=\"ae51da3\" data-element_type=\"widget\" data-widget_type=\"heading.default\">\n\t\t\t\t\t<h1 class=\"elementor-heading-title elementor-size-default\">Nos gammes de cachets et tampons sur mesure<\/h1>\t\t\t\t<\/div>\n\t\t\t\t<div class=\"elementor-element elementor-element-2b706fd elementor-widget elementor-widget-text-editor\" data-id=\"2b706fd\" data-element_type=\"widget\" data-widget_type=\"text-editor.default\">\n\t\t\t\t\t\t\t\t\t<p data-start=\"103\" data-end=\"375\">Nous cr\u00e9ons et personnalisons des cachets professionnels adapt\u00e9s \u00e0 tous vos besoins administratifs et commerciaux, avec une finition propre, lisible et durable.<\/p><p data-start=\"103\" data-end=\"375\">\u00a0<\/p>\t\t\t\t\t\t\t\t<\/div>\n\t\t\t\t\t<\/div>\n\t\t\t\t<\/div>\n\t\t<div class=\"elementor-element elementor-element-b7c36c2 e-flex e-con-boxed e-con e-parent\" data-id=\"b7c36c2\" data-element_type=\"container\">\n\t\t\t\t\t<div class=\"e-con-inner\">\n\t\t\t\t<div class=\"elementor-element elementor-element-bfb0b5d elementor-widget elementor-widget-image\" data-id=\"bfb0b5d\" data-element_type=\"widget\" data-widget_type=\"image.default\">\n\t\t\t\t\t\t\t\t\t\t\t\t\t\t\t<img fetchpriority=\"high\" decoding=\"async\" width=\"1024\" height=\"1024\" src=\"https:\/\/smartservices.sn\/wp-content\/uploads\/2026\/01\/IMG_1392.png\" class=\"attachment-large size-large wp-image-352\" alt=\"creation de cachets et tampon\" srcset=\"https:\/\/smartservices.sn\/wp-content\/uploads\/2026\/01\/IMG_1392.png 1024w, https:\/\/smartservices.sn\/wp-content\/uploads\/2026\/01\/IMG_1392-300x300.png 300w, https:\/\/smartservices.sn\/wp-content\/uploads\/2026\/01\/IMG_1392-150x150.png 150w, https:\/\/smartservices.sn\/wp-content\/uploads\/2026\/01\/IMG_1392-768x768.png 768w\" sizes=\"(max-width: 1024px) 100vw, 1024px\" \/>\t\t\t\t\t\t\t\t\t\t\t\t\t\t\t<\/div>\n\t\t\t\t\t<\/div>\n\t\t\t\t<\/div>\n\t\t<div class=\"elementor-element elementor-element-395ba41 e-flex e-con-boxed e-con e-parent\" data-id=\"395ba41\" data-element_type=\"container\">\n\t\t\t\t\t<div class=\"e-con-inner\">\n\t\t\t\t<div class=\"elementor-element elementor-element-163a3c2 elementor-widget elementor-widget-text-editor\" data-id=\"163a3c2\" data-element_type=\"widget\" data-widget_type=\"text-editor.default\">\n\t\t\t\t\t\t\t\t\t<p data-start=\"365\" data-end=\"399\"><strong data-start=\"365\" data-end=\"399\">Types de cachets disponibles :<\/strong><\/p><ul data-start=\"400\" data-end=\"814\"><li data-start=\"400\" data-end=\"466\"><p data-start=\"402\" data-end=\"466\"><strong data-start=\"402\" data-end=\"423\">Cachet circulaire<\/strong> (administrations, associations, \u00e9coles\u2026)<\/p><\/li><li data-start=\"467\" data-end=\"541\"><p data-start=\"469\" data-end=\"541\"><strong data-start=\"469\" data-end=\"493\">Cachet rectangulaire<\/strong> (entreprises, boutiques, documents officiels)<\/p><\/li><li data-start=\"542\" data-end=\"603\"><p data-start=\"544\" data-end=\"603\"><strong data-start=\"544\" data-end=\"566\">Cachet automatique<\/strong> (auto-encreur, pratique et rapide)<\/p><\/li><li data-start=\"604\" data-end=\"663\"><p data-start=\"606\" data-end=\"663\"><strong data-start=\"606\" data-end=\"623\">Cachet manuel<\/strong> (tampon classique avec encre s\u00e9par\u00e9e)<\/p><\/li><li data-start=\"664\" data-end=\"739\"><p data-start=\"666\" data-end=\"739\"><strong data-start=\"666\" data-end=\"684\">Cachet en bois<\/strong> (style traditionnel, id\u00e9al pour documents officiels)<\/p><\/li><li data-start=\"740\" data-end=\"814\"><p data-start=\"742\" data-end=\"814\"><strong data-start=\"742\" data-end=\"765\">Cachet personnalis\u00e9<\/strong> (logo, signature, coordonn\u00e9es, texte au choix)<\/p><\/li><\/ul><p data-start=\"103\" data-end=\"375\">\u00a0<\/p>\t\t\t\t\t\t\t\t<\/div>\n\t\t\t\t\t<\/div>\n\t\t\t\t<\/div>\n\t\t<div class=\"elementor-element elementor-element-9d39e1c e-flex e-con-boxed e-con e-parent\" data-id=\"9d39e1c\" data-element_type=\"container\">\n\t\t\t\t\t<div class=\"e-con-inner\">\n\t\t\t\t<div class=\"elementor-element elementor-element-f022686 elementor-invisible elementor-widget elementor-widget-image\" data-id=\"f022686\" data-element_type=\"widget\" data-settings=\"{&quot;_animation&quot;:&quot;bounceIn&quot;}\" data-widget_type=\"image.default\">\n\t\t\t\t\t\t\t\t\t\t\t\t\t\t\t<img decoding=\"async\" width=\"1536\" height=\"476\" src=\"https:\/\/smartservices.sn\/wp-content\/uploads\/2025\/11\/IMG_8134.png\" class=\"attachment-full size-full wp-image-37\" alt=\"\" \/>\t\t\t\t\t\t\t\t\t\t\t\t\t\t\t<\/div>\n\t\t\t\t\t<\/div>\n\t\t\t\t<\/div>\n\t\t\t\t<\/div>\n\t\t","protected":false},"excerpt":{"rendered":"<p>Nos gammes de cachets et tampons sur mesure Nous cr\u00e9ons et personnalisons des cachets professionnels adapt\u00e9s \u00e0 tous vos besoins [&hellip;]<\/p>\n","protected":false},"author":1,"featured_media":0,"parent":0,"menu_order":0,"comment_status":"closed","ping_status":"closed","template":"","meta":{"site-sidebar-layout":"no-sidebar","site-content-layout":"","ast-site-content-layout":"full-width-container","site-content-style":"default","site-sidebar-style":"default","ast-global-header-display":"","ast-banner-title-visibility":"","ast-main-header-display":"","ast-hfb-above-header-display":"","ast-hfb-below-header-display":"","ast-hfb-mobile-header-display":"","site-post-title":"disabled","ast-breadcrumbs-content":"","ast-featured-img":"disabled","footer-sml-layout":"","theme-transparent-header-meta":"","adv-header-id-meta":"","stick-header-meta":"","header-above-stick-meta":"","header-main-stick-meta":"","header-below-stick-meta":"","astra-migrate-meta-layouts":"default","ast-page-background-enabled":"default","ast-page-background-meta":{"desktop":{"background-color":"var(--ast-global-color-5)","background-image":"","background-repeat":"repeat","background-position":"center center","background-size":"auto","background-attachment":"scroll","background-type":"","background-media":"","overlay-type":"","overlay-color":"","overlay-opacity":"","overlay-gradient":""},"tablet":{"background-color":"","background-image":"","background-repeat":"repeat","background-position":"center center","background-size":"auto","background-attachment":"scroll","background-type":"","background-media":"","overlay-type":"","overlay-color":"","overlay-opacity":"","overlay-gradient":""},"mobile":{"background-color":"","background-image":"","background-repeat":"repeat","background-position":"center center","background-size":"auto","background-attachment":"scroll","background-type":"","background-media":"","overlay-type":"","overlay-color":"","overlay-opacity":"","overlay-gradient":""}},"ast-content-background-meta":{"desktop":{"background-color":"var(--ast-global-color-4)","background-image":"","background-repeat":"repeat","background-position":"center center","background-size":"auto","background-attachment":"scroll","background-type":"","background-media":"","overlay-type":"","overlay-color":"","overlay-opacity":"","overlay-gradient":""},"tablet":{"background-color":"var(--ast-global-color-4)","background-image":"","background-repeat":"repeat","background-position":"center center","background-size":"auto","background-attachment":"scroll","background-type":"","background-media":"","overlay-type":"","overlay-color":"","overlay-opacity":"","overlay-gradient":""},"mobile":{"background-color":"var(--ast-global-color-4)","background-image":"","background-repeat":"repeat","background-position":"center center","background-size":"auto","background-attachment":"scroll","background-type":"","background-media":"","overlay-type":"","overlay-color":"","overlay-opacity":"","overlay-gradient":""}},"footnotes":""},"class_list":["post-297","page","type-page","status-publish","hentry"],"yoast_head":"<!-- This site is optimized with the Yoast SEO plugin v27.3 - https:\/\/yoast.com\/product\/yoast-seo-wordpress\/ -->\n<title>Confection de Cachets - SMART SERVICES<\/title>\n<meta name=\"robots\" content=\"index, follow, max-snippet:-1, max-image-preview:large, max-video-preview:-1\" \/>\n<link rel=\"canonical\" href=\"https:\/\/smartservices.sn\/index.php\/confection-de-cachets\/\" \/>\n<meta property=\"og:locale\" content=\"fr_FR\" \/>\n<meta property=\"og:type\" content=\"article\" \/>\n<meta property=\"og:title\" content=\"Confection de Cachets - SMART SERVICES\" \/>\n<meta property=\"og:description\" content=\"Nos gammes de cachets et tampons sur mesure Nous cr\u00e9ons et personnalisons des cachets professionnels adapt\u00e9s \u00e0 tous vos besoins [&hellip;]\" \/>\n<meta property=\"og:url\" content=\"https:\/\/smartservices.sn\/index.php\/confection-de-cachets\/\" \/>\n<meta property=\"og:site_name\" content=\"SMART SERVICES\" \/>\n<meta property=\"article:modified_time\" content=\"2026-01-07T21:07:01+00:00\" \/>\n<meta property=\"og:image\" content=\"https:\/\/smartservices.sn\/wp-content\/uploads\/2026\/01\/IMG_1392.png\" \/>\n<meta name=\"twitter:card\" content=\"summary_large_image\" \/>\n<meta name=\"twitter:label1\" content=\"Dur\u00e9e de lecture estim\u00e9e\" \/>\n\t<meta name=\"twitter:data1\" content=\"1 minute\" \/>\n<script type=\"application\/ld+json\" class=\"yoast-schema-graph\">{\"@context\":\"https:\\\/\\\/schema.org\",\"@graph\":[{\"@type\":\"WebPage\",\"@id\":\"https:\\\/\\\/smartservices.sn\\\/index.php\\\/confection-de-cachets\\\/\",\"url\":\"https:\\\/\\\/smartservices.sn\\\/index.php\\\/confection-de-cachets\\\/\",\"name\":\"Confection de Cachets - SMART SERVICES\",\"isPartOf\":{\"@id\":\"https:\\\/\\\/smartservices.sn\\\/#website\"},\"primaryImageOfPage\":{\"@id\":\"https:\\\/\\\/smartservices.sn\\\/index.php\\\/confection-de-cachets\\\/#primaryimage\"},\"image\":{\"@id\":\"https:\\\/\\\/smartservices.sn\\\/index.php\\\/confection-de-cachets\\\/#primaryimage\"},\"thumbnailUrl\":\"https:\\\/\\\/smartservices.sn\\\/wp-content\\\/uploads\\\/2026\\\/01\\\/IMG_1392.png\",\"datePublished\":\"2025-12-01T17:38:07+00:00\",\"dateModified\":\"2026-01-07T21:07:01+00:00\",\"breadcrumb\":{\"@id\":\"https:\\\/\\\/smartservices.sn\\\/index.php\\\/confection-de-cachets\\\/#breadcrumb\"},\"inLanguage\":\"fr-FR\",\"potentialAction\":[{\"@type\":\"ReadAction\",\"target\":[\"https:\\\/\\\/smartservices.sn\\\/index.php\\\/confection-de-cachets\\\/\"]}]},{\"@type\":\"ImageObject\",\"inLanguage\":\"fr-FR\",\"@id\":\"https:\\\/\\\/smartservices.sn\\\/index.php\\\/confection-de-cachets\\\/#primaryimage\",\"url\":\"https:\\\/\\\/smartservices.sn\\\/wp-content\\\/uploads\\\/2026\\\/01\\\/IMG_1392.png\",\"contentUrl\":\"https:\\\/\\\/smartservices.sn\\\/wp-content\\\/uploads\\\/2026\\\/01\\\/IMG_1392.png\",\"width\":1024,\"height\":1024,\"caption\":\"creation de cachets et tampon\"},{\"@type\":\"BreadcrumbList\",\"@id\":\"https:\\\/\\\/smartservices.sn\\\/index.php\\\/confection-de-cachets\\\/#breadcrumb\",\"itemListElement\":[{\"@type\":\"ListItem\",\"position\":1,\"name\":\"Accueil\",\"item\":\"https:\\\/\\\/smartservices.sn\\\/\"},{\"@type\":\"ListItem\",\"position\":2,\"name\":\"Confection de Cachets\"}]},{\"@type\":\"WebSite\",\"@id\":\"https:\\\/\\\/smartservices.sn\\\/#website\",\"url\":\"https:\\\/\\\/smartservices.sn\\\/\",\"name\":\"SMART SERVICES\",\"description\":\"Informatique \u2013 Papeterie \u2013 Bureautique \u2013 Cachets professionnels \u00e0 Fatick\",\"publisher\":{\"@id\":\"https:\\\/\\\/smartservices.sn\\\/#organization\"},\"alternateName\":\"Smart Services Fatick\",\"potentialAction\":[{\"@type\":\"SearchAction\",\"target\":{\"@type\":\"EntryPoint\",\"urlTemplate\":\"https:\\\/\\\/smartservices.sn\\\/?s={search_term_string}\"},\"query-input\":{\"@type\":\"PropertyValueSpecification\",\"valueRequired\":true,\"valueName\":\"search_term_string\"}}],\"inLanguage\":\"fr-FR\"},{\"@type\":\"Organization\",\"@id\":\"https:\\\/\\\/smartservices.sn\\\/#organization\",\"name\":\"SMART SERVICES FATICK\",\"alternateName\":\"SMART SERVICES\",\"url\":\"https:\\\/\\\/smartservices.sn\\\/\",\"logo\":{\"@type\":\"ImageObject\",\"inLanguage\":\"fr-FR\",\"@id\":\"https:\\\/\\\/smartservices.sn\\\/#\\\/schema\\\/logo\\\/image\\\/\",\"url\":\"https:\\\/\\\/smartservices.sn\\\/wp-content\\\/uploads\\\/2025\\\/11\\\/IMG_8156.png\",\"contentUrl\":\"https:\\\/\\\/smartservices.sn\\\/wp-content\\\/uploads\\\/2025\\\/11\\\/IMG_8156.png\",\"width\":1536,\"height\":426,\"caption\":\"SMART SERVICES FATICK\"},\"image\":{\"@id\":\"https:\\\/\\\/smartservices.sn\\\/#\\\/schema\\\/logo\\\/image\\\/\"}}]}<\/script>\n<!-- \/ Yoast SEO plugin. -->","yoast_head_json":{"title":"Confection de Cachets - SMART SERVICES","robots":{"index":"index","follow":"follow","max-snippet":"max-snippet:-1","max-image-preview":"max-image-preview:large","max-video-preview":"max-video-preview:-1"},"canonical":"https:\/\/smartservices.sn\/index.php\/confection-de-cachets\/","og_locale":"fr_FR","og_type":"article","og_title":"Confection de Cachets - SMART SERVICES","og_description":"Nos gammes de cachets et tampons sur mesure Nous cr\u00e9ons et personnalisons des cachets professionnels adapt\u00e9s \u00e0 tous vos besoins [&hellip;]","og_url":"https:\/\/smartservices.sn\/index.php\/confection-de-cachets\/","og_site_name":"SMART SERVICES","article_modified_time":"2026-01-07T21:07:01+00:00","og_image":[{"url":"https:\/\/smartservices.sn\/wp-content\/uploads\/2026\/01\/IMG_1392.png","type":"","width":"","height":""}],"twitter_card":"summary_large_image","twitter_misc":{"Dur\u00e9e de lecture estim\u00e9e":"1 minute"},"schema":{"@context":"https:\/\/schema.org","@graph":[{"@type":"WebPage","@id":"https:\/\/smartservices.sn\/index.php\/confection-de-cachets\/","url":"https:\/\/smartservices.sn\/index.php\/confection-de-cachets\/","name":"Confection de Cachets - SMART SERVICES","isPartOf":{"@id":"https:\/\/smartservices.sn\/#website"},"primaryImageOfPage":{"@id":"https:\/\/smartservices.sn\/index.php\/confection-de-cachets\/#primaryimage"},"image":{"@id":"https:\/\/smartservices.sn\/index.php\/confection-de-cachets\/#primaryimage"},"thumbnailUrl":"https:\/\/smartservices.sn\/wp-content\/uploads\/2026\/01\/IMG_1392.png","datePublished":"2025-12-01T17:38:07+00:00","dateModified":"2026-01-07T21:07:01+00:00","breadcrumb":{"@id":"https:\/\/smartservices.sn\/index.php\/confection-de-cachets\/#breadcrumb"},"inLanguage":"fr-FR","potentialAction":[{"@type":"ReadAction","target":["https:\/\/smartservices.sn\/index.php\/confection-de-cachets\/"]}]},{"@type":"ImageObject","inLanguage":"fr-FR","@id":"https:\/\/smartservices.sn\/index.php\/confection-de-cachets\/#primaryimage","url":"https:\/\/smartservices.sn\/wp-content\/uploads\/2026\/01\/IMG_1392.png","contentUrl":"https:\/\/smartservices.sn\/wp-content\/uploads\/2026\/01\/IMG_1392.png","width":1024,"height":1024,"caption":"creation de cachets et tampon"},{"@type":"BreadcrumbList","@id":"https:\/\/smartservices.sn\/index.php\/confection-de-cachets\/#breadcrumb","itemListElement":[{"@type":"ListItem","position":1,"name":"Accueil","item":"https:\/\/smartservices.sn\/"},{"@type":"ListItem","position":2,"name":"Confection de Cachets"}]},{"@type":"WebSite","@id":"https:\/\/smartservices.sn\/#website","url":"https:\/\/smartservices.sn\/","name":"SMART SERVICES","description":"Informatique \u2013 Papeterie \u2013 Bureautique \u2013 Cachets professionnels \u00e0 Fatick","publisher":{"@id":"https:\/\/smartservices.sn\/#organization"},"alternateName":"Smart Services Fatick","potentialAction":[{"@type":"SearchAction","target":{"@type":"EntryPoint","urlTemplate":"https:\/\/smartservices.sn\/?s={search_term_string}"},"query-input":{"@type":"PropertyValueSpecification","valueRequired":true,"valueName":"search_term_string"}}],"inLanguage":"fr-FR"},{"@type":"Organization","@id":"https:\/\/smartservices.sn\/#organization","name":"SMART SERVICES FATICK","alternateName":"SMART SERVICES","url":"https:\/\/smartservices.sn\/","logo":{"@type":"ImageObject","inLanguage":"fr-FR","@id":"https:\/\/smartservices.sn\/#\/schema\/logo\/image\/","url":"https:\/\/smartservices.sn\/wp-content\/uploads\/2025\/11\/IMG_8156.png","contentUrl":"https:\/\/smartservices.sn\/wp-content\/uploads\/2025\/11\/IMG_8156.png","width":1536,"height":426,"caption":"SMART SERVICES FATICK"},"image":{"@id":"https:\/\/smartservices.sn\/#\/schema\/logo\/image\/"}}]}},"_links":{"self":[{"href":"https:\/\/smartservices.sn\/index.php\/wp-json\/wp\/v2\/pages\/297","targetHints":{"allow":["GET"]}}],"collection":[{"href":"https:\/\/smartservices.sn\/index.php\/wp-json\/wp\/v2\/pages"}],"about":[{"href":"https:\/\/smartservices.sn\/index.php\/wp-json\/wp\/v2\/types\/page"}],"author":[{"embeddable":true,"href":"https:\/\/smartservices.sn\/index.php\/wp-json\/wp\/v2\/users\/1"}],"replies":[{"embeddable":true,"href":"https:\/\/smartservices.sn\/index.php\/wp-json\/wp\/v2\/comments?post=297"}],"version-history":[{"count":10,"href":"https:\/\/smartservices.sn\/index.php\/wp-json\/wp\/v2\/pages\/297\/revisions"}],"predecessor-version":[{"id":355,"href":"https:\/\/smartservices.sn\/index.php\/wp-json\/wp\/v2\/pages\/297\/revisions\/355"}],"wp:attachment":[{"href":"https:\/\/smartservices.sn\/index.php\/wp-json\/wp\/v2\/media?parent=297"}],"curies":[{"name":"wp","href":"https:\/\/api.w.org\/{rel}","templated":true}]}}